{"id":108,"date":"2022-01-16T12:23:02","date_gmt":"2022-01-16T12:23:02","guid":{"rendered":"http:\/\/zielinq.cluster027.hosting.ovh.net\/mez0403@gmail.com\/?page_id=108"},"modified":"2024-02-01T10:22:31","modified_gmt":"2024-02-01T10:22:31","slug":"krag-kobiet","status":"publish","type":"page","link":"https:\/\/zielinskacoaching.pl\/index.php\/krag-kobiet\/","title":{"rendered":"Kr\u0105g Kobiet"},"content":{"rendered":"<div class=\"paragraph\"><strong>Kr\u0105g Kobiet &#8211; raz w miesi\u0105cu w Warszawie \ud83d\ude42<\/strong><\/div>\n<div class=\"paragraph\">Zapraszam Ci\u0119 wraz z Tatian\u0105 Andrzejewsk\u0105 na Kr\u0105g Kobiet &#8211; to odpowied\u017a na wewn\u0119trzne pragnienie wsp\u00f3lnoty, bycia w\u015br\u00f3d innych kobiet, dzielenia si\u0119 sob\u0105 i czerpania od siebie nawzajem. Spotykamy si\u0119 w zaufaniu, akceptacji, przyzwoleniu na siebie, na bycie w autentyczno\u015bci i prawdzie. Ta przestrze\u0144 tworzona jest przez kobiety, dla nich samych i dla wszystkich innych kobiet.<\/div>\n<div><\/div>\n<div><div class=\"wpforms-container wpforms-container-full\" id=\"wpforms-170\"><form id=\"wpforms-form-170\" class=\"wpforms-validate wpforms-form wpforms-ajax-form\" data-formid=\"170\" method=\"post\" enctype=\"multipart\/form-data\" action=\"\/index.php\/wp-json\/wp\/v2\/pages\/108\" data-token=\"b34d2031edf273883523083018ea7f1b\"><noscript class=\"wpforms-error-noscript\">Aby wype\u0142ni\u0107 ten formularz, w\u0142\u0105cz obs\u0142ug\u0119 JavaScript w przegl\u0105darce.<\/noscript><div class=\"wpforms-field-container\"><div id=\"wpforms-170-field_1-container\" class=\"wpforms-field wpforms-field-name\" data-field-id=\"1\"><label class=\"wpforms-field-label\" for=\"wpforms-170-field_1\">Imi\u0119 i nzawisko <span class=\"wpforms-required-label\">*<\/span><\/label><input type=\"text\" id=\"wpforms-170-field_1\" class=\"wpforms-field-medium wpforms-field-required\" name=\"wpforms[fields][1]\" required><\/div><div id=\"wpforms-170-field_2-container\" class=\"wpforms-field wpforms-field-email\" data-field-id=\"2\"><label class=\"wpforms-field-label\" for=\"wpforms-170-field_2\">Email <span class=\"wpforms-required-label\">*<\/span><\/label><input type=\"email\" id=\"wpforms-170-field_2\" class=\"wpforms-field-medium wpforms-field-required\" name=\"wpforms[fields][2]\" spellcheck=\"false\" required><\/div><div id=\"wpforms-170-field_9-container\" class=\"wpforms-field wpforms-field-number\" data-field-id=\"9\"><label class=\"wpforms-field-label\" for=\"wpforms-170-field_9\">Telefon<\/label><input type=\"number\" pattern=\"\\d*\" id=\"wpforms-170-field_9\" class=\"wpforms-field-medium\" name=\"wpforms[fields][9]\" ><\/div><div id=\"wpforms-170-field_7-container\" class=\"wpforms-field wpforms-field-textarea\" data-field-id=\"7\"><label class=\"wpforms-field-label\" for=\"wpforms-170-field_7\">Je\u015bli chcesz, podziel si\u0119 z nami, jakie s\u0105 Twoje oczekiwania i potrzeby, kt\u00f3re chcia\u0142aby\u015b m\u00f3c realizowa\u0107 w ramach kr\u0119gu<\/label><textarea id=\"wpforms-170-field_7\" class=\"wpforms-field-medium\" name=\"wpforms[fields][7]\" ><\/textarea><\/div><\/div><!-- .wpforms-field-container --><div class=\"wpforms-submit-container\" ><input type=\"hidden\" name=\"wpforms[id]\" value=\"170\"><input type=\"hidden\" name=\"wpforms[author]\" value=\"1\"><button type=\"submit\" name=\"wpforms[submit]\" id=\"wpforms-submit-170\" class=\"wpforms-submit\" data-alt-text=\"Sending...\" data-submit-text=\"Zapisz si\u0119\" aria-live=\"assertive\" value=\"wpforms-submit\">Zapisz si\u0119<\/button><img loading=\"lazy\" decoding=\"async\" src=\"https:\/\/zielinskacoaching.pl\/wp-content\/plugins\/wpforms-lite\/assets\/images\/submit-spin.svg\" class=\"wpforms-submit-spinner\" style=\"display: none;\" width=\"26\" height=\"26\" alt=\"Wczytywanie\"><\/div><\/form><\/div>  <!-- .wpforms-container --><\/div>\n<div><\/div>\n<div>\n<div class=\"kvgmc6g5 cxmmr5t8 oygrvhab hcukyx3x c1et5uql\">Drogie Kobiety!<\/div>\n<div class=\"cxmmr5t8 oygrvhab hcukyx3x c1et5uql o9v6fnle\"><span class=\"pq6dq46d tbxw36s4 knj5qynh kvgmc6g5 ditlmg2l oygrvhab nvdbi5me sf5mxxl7 gl3lb2sf hhz5lgdu\"><img loading=\"lazy\" decoding=\"async\" src=\"https:\/\/static.xx.fbcdn.net\/images\/emoji.php\/v9\/t6d\/1\/16\/2600.png\" alt=\"\u2600\ufe0f\" width=\"16\" height=\"16\" \/><\/span>B\u0105d\u017amy\u00a0 razem &#8211; \u017ceby cieszy\u0107 si\u0119 towarzystwem innych kobiet i inspirowa\u0107 si\u0119 nawzajem. \u017beby dzieli\u0107 si\u0119 do\u015bwiadczeniem, prze\u017cyciami i sob\u0105.<\/div>\n<div class=\"cxmmr5t8 oygrvhab hcukyx3x c1et5uql o9v6fnle\"><span class=\"pq6dq46d tbxw36s4 knj5qynh kvgmc6g5 ditlmg2l oygrvhab nvdbi5me sf5mxxl7 gl3lb2sf hhz5lgdu\"><img loading=\"lazy\" decoding=\"async\" src=\"https:\/\/static.xx.fbcdn.net\/images\/emoji.php\/v9\/t1a\/1\/16\/1f33b.png\" alt=\"\ud83c\udf3b\" width=\"16\" height=\"16\" \/><\/span>Spotkajmy si\u0119 &#8211; w otwarto\u015bci i autentyczno\u015bci , prawdziwe i wolne, by by\u0107 sob\u0105 i tak te\u017c widzie\u0107 inne kobiety. Bez r\u00f3l, p\u00f3z i masek.<\/div>\n<div class=\"cxmmr5t8 oygrvhab hcukyx3x c1et5uql o9v6fnle\"><span class=\"pq6dq46d tbxw36s4 knj5qynh kvgmc6g5 ditlmg2l oygrvhab nvdbi5me sf5mxxl7 gl3lb2sf hhz5lgdu\"><img loading=\"lazy\" decoding=\"async\" src=\"https:\/\/static.xx.fbcdn.net\/images\/emoji.php\/v9\/t6d\/1\/16\/2600.png\" alt=\"\u2600\ufe0f\" width=\"16\" height=\"16\" \/><\/span>Wolne od krytyki, oceny i codziennych \u201egorset\u00f3w\u201d. Wolne by By\u0107. Wolne by \u015ani\u0107. Wolne by Kreowa\u0107. Wolne by Kocha\u0107.<\/div>\n<div class=\"cxmmr5t8 oygrvhab hcukyx3x c1et5uql o9v6fnle\"><span class=\"pq6dq46d tbxw36s4 knj5qynh kvgmc6g5 ditlmg2l oygrvhab nvdbi5me sf5mxxl7 gl3lb2sf hhz5lgdu\"><img loading=\"lazy\" decoding=\"async\" src=\"https:\/\/static.xx.fbcdn.net\/images\/emoji.php\/v9\/t1a\/1\/16\/1f33b.png\" alt=\"\ud83c\udf3b\" width=\"16\" height=\"16\" \/><\/span>I wolne by pozwoli\u0107 sobie odpocz\u0105\u0107 w obj\u0119ciach wsp\u00f3lnego Kr\u0119gu.<\/div>\n<div class=\"cxmmr5t8 oygrvhab hcukyx3x c1et5uql o9v6fnle\"><span class=\"pq6dq46d tbxw36s4 knj5qynh kvgmc6g5 ditlmg2l oygrvhab nvdbi5me sf5mxxl7 gl3lb2sf hhz5lgdu\"><img loading=\"lazy\" decoding=\"async\" src=\"https:\/\/static.xx.fbcdn.net\/images\/emoji.php\/v9\/t6d\/1\/16\/2600.png\" alt=\"\u2600\ufe0f\" width=\"16\" height=\"16\" \/><\/span>Pos\u0142uchajmy si\u0119 &#8211; by da\u0107 wyraz swoim prze\u017cyciom, emocjom, rzeczom wa\u017cnym i tym mniej znacz\u0105cym. By nawi\u0105za\u0107 g\u0142\u0119bszy kontakt z tym, co w nas i z tym, co w innych.<br \/>\nBez ocen i oczekiwa\u0144.<\/div>\n<div class=\"cxmmr5t8 oygrvhab hcukyx3x c1et5uql o9v6fnle\"><span class=\"pq6dq46d tbxw36s4 knj5qynh kvgmc6g5 ditlmg2l oygrvhab nvdbi5me sf5mxxl7 gl3lb2sf hhz5lgdu\"><img loading=\"lazy\" decoding=\"async\" src=\"https:\/\/static.xx.fbcdn.net\/images\/emoji.php\/v9\/t1a\/1\/16\/1f33b.png\" alt=\"\ud83c\udf3b\" width=\"16\" height=\"16\" \/><\/span>Obejmijmy same siebie &#8211; i to, co w sobie \u0142atwo kochamy i to, co bolesn\u0105 drzazg\u0105 w sercu.<\/div>\n<div class=\"cxmmr5t8 oygrvhab hcukyx3x c1et5uql o9v6fnle\"><span class=\"pq6dq46d tbxw36s4 knj5qynh kvgmc6g5 ditlmg2l oygrvhab nvdbi5me sf5mxxl7 gl3lb2sf hhz5lgdu\"><img loading=\"lazy\" decoding=\"async\" src=\"https:\/\/static.xx.fbcdn.net\/images\/emoji.php\/v9\/t6d\/1\/16\/2600.png\" alt=\"\u2600\ufe0f\" width=\"16\" height=\"16\" \/><\/span>Obejmijmy nas ca\u0142e &#8211; ze wszystkim, co jest.<br \/>\nUczmy si\u0119 z tego, co by\u0142o, bierzmy to, co jest i ro\u015bnijmy tam, gdzie prowadzi nas nasza intuicja i m\u0105dro\u015b\u0107.<\/div>\n<div class=\"cxmmr5t8 oygrvhab hcukyx3x c1et5uql o9v6fnle\"><span class=\"pq6dq46d tbxw36s4 knj5qynh kvgmc6g5 ditlmg2l oygrvhab nvdbi5me sf5mxxl7 gl3lb2sf hhz5lgdu\"><img loading=\"lazy\" decoding=\"async\" src=\"https:\/\/static.xx.fbcdn.net\/images\/emoji.php\/v9\/t1a\/1\/16\/1f33b.png\" alt=\"\ud83c\udf3b\" width=\"16\" height=\"16\" \/><\/span>Kr\u0105g Kobiet jest wspania\u0142ym sposobem na wsp\u00f3lne bycie i dzielenie si\u0119 z innymi kobietami swoim \u017cyciem, sob\u0105, swoimi \u017cyciowymi wyzwaniami jak i swoj\u0105 si\u0142\u0105 i do\u015bwiadczeniem.<\/div>\n<div class=\"cxmmr5t8 oygrvhab hcukyx3x c1et5uql o9v6fnle\"><span class=\"pq6dq46d tbxw36s4 knj5qynh kvgmc6g5 ditlmg2l oygrvhab nvdbi5me sf5mxxl7 gl3lb2sf hhz5lgdu\"><img loading=\"lazy\" decoding=\"async\" src=\"https:\/\/static.xx.fbcdn.net\/images\/emoji.php\/v9\/t6d\/1\/16\/2600.png\" alt=\"\u2600\ufe0f\" width=\"16\" height=\"16\" \/><\/span>Jest przestrzeni\u0105, w kt\u00f3rej mo\u017cemy pozwoli\u0107 sobie po prostu by\u0107. By\u0107 z tym wszystkim, co si\u0119 w naszym \u017cyciu i w nas wydarza.<\/div>\n<div class=\"cxmmr5t8 oygrvhab hcukyx3x c1et5uql o9v6fnle\"><span class=\"pq6dq46d tbxw36s4 knj5qynh kvgmc6g5 ditlmg2l oygrvhab nvdbi5me sf5mxxl7 gl3lb2sf hhz5lgdu\"><img loading=\"lazy\" decoding=\"async\" src=\"https:\/\/static.xx.fbcdn.net\/images\/emoji.php\/v9\/t1a\/1\/16\/1f33b.png\" alt=\"\ud83c\udf3b\" width=\"16\" height=\"16\" \/><\/span>Kobiety tworz\u0105ce taki kr\u0105g uzyskuj\u0105 wiele inspiracji i wsparcia zar\u00f3wno daj\u0105c jak i bior\u0105c, poprzez swoj\u0105 obecno\u015b\u0107, empatyczne s\u0142uchanie, otwarto\u015b\u0107 w dzieleniu si\u0119 swoimi do\u015bwiadczeniami, szacunek, atmosfer\u0119 bezpiecze\u0144stwa i zaufania.<\/div>\n<div class=\"cxmmr5t8 oygrvhab hcukyx3x c1et5uql o9v6fnle\"><span class=\"pq6dq46d tbxw36s4 knj5qynh kvgmc6g5 ditlmg2l oygrvhab nvdbi5me sf5mxxl7 gl3lb2sf hhz5lgdu\"><img loading=\"lazy\" decoding=\"async\" src=\"https:\/\/static.xx.fbcdn.net\/images\/emoji.php\/v9\/t6d\/1\/16\/2600.png\" alt=\"\u2600\ufe0f\" width=\"16\" height=\"16\" \/><\/span>Kr\u0105g otwiera now\u0105 przestrze\u0144 relacji z sam\u0105 sob\u0105 i z innymi kobietami. Gdzie nikt ci\u0119 nie naprawia, nie o\u015bwieca, nie poucza. Gdzie nikt nie daje ci dobrych rad.<\/div>\n<div class=\"cxmmr5t8 oygrvhab hcukyx3x c1et5uql o9v6fnle\"><span class=\"pq6dq46d tbxw36s4 knj5qynh kvgmc6g5 ditlmg2l oygrvhab nvdbi5me sf5mxxl7 gl3lb2sf hhz5lgdu\"><img loading=\"lazy\" decoding=\"async\" src=\"https:\/\/static.xx.fbcdn.net\/images\/emoji.php\/v9\/t1a\/1\/16\/1f33b.png\" alt=\"\ud83c\udf3b\" width=\"16\" height=\"16\" \/><\/span>To miejsce w kt\u00f3rym wszystko z czym si\u0119 zmagasz, czego nie umiesz, z czym sobie nie radzisz jest normalne i akceptowane. Gdzie nie musisz ju\u017c udawa\u0107, \u017ce jeste\u015b taka super. Gdzie wreszcie mo\u017cesz powiedzie\u0107 :<br \/>\n&#8222;Mam do\u015b\u0107.\u201d<\/div>\n<div class=\"cxmmr5t8 oygrvhab hcukyx3x c1et5uql o9v6fnle\"><span class=\"pq6dq46d tbxw36s4 knj5qynh kvgmc6g5 ditlmg2l oygrvhab nvdbi5me sf5mxxl7 gl3lb2sf hhz5lgdu\"><img loading=\"lazy\" decoding=\"async\" src=\"https:\/\/static.xx.fbcdn.net\/images\/emoji.php\/v9\/t6d\/1\/16\/2600.png\" alt=\"\u2600\ufe0f\" width=\"16\" height=\"16\" \/><\/span>Miejsce, w kt\u00f3rym mo\u017cesz obj\u0105\u0107 swoj\u0105 si\u0142\u0119, moc, inteligencj\u0119, sprawczo\u015b\u0107 i nie musisz udawa\u0107 s\u0142abej czy bezradnej. Gdzie wreszcie mo\u017cesz powiedzie\u0107:<br \/>\n&#8222;Mam moc.\u201d<\/div>\n<div class=\"cxmmr5t8 oygrvhab hcukyx3x c1et5uql o9v6fnle\">Je\u015bli czujesz, \u017ce tego teraz potrzebujesz, \u017ce co\u015b Ci\u0119 wo\u0142a -chod\u017a!<br \/>\nZapraszamy Ci\u0119!<\/div>\n<\/div>\n","protected":false},"excerpt":{"rendered":"<p>Kr\u0105g Kobiet &#8211; raz w miesi\u0105cu w Warszawie \ud83d\ude42 Zapraszam Ci\u0119 wraz z Tatian\u0105 Andrzejewsk\u0105 na Kr\u0105g Kobiet &#8211; to odpowied\u017a na wewn\u0119trzne pragnienie wsp\u00f3lnoty, bycia w\u015br\u00f3d innych kobiet, dzielenia si\u0119 sob\u0105 i czerpania od siebie nawzajem. Spotykamy si\u0119 w zaufaniu, akceptacji, przyzwoleniu na siebie, na bycie w autentyczno\u015bci i prawdzie. Ta przestrze\u0144 tworzona jest &hellip; <\/p>\n<p class=\"link-more\"><a href=\"https:\/\/zielinskacoaching.pl\/index.php\/krag-kobiet\/\" class=\"more-link\">Czytaj dalej<span class=\"screen-reader-text\"> \u201eKr\u0105g Kobiet\u201d<\/span><\/a><\/p>\n","protected":false},"author":1,"featured_media":0,"parent":0,"menu_order":0,"comment_status":"closed","ping_status":"closed","template":"","meta":{"footnotes":""},"_links":{"self":[{"href":"https:\/\/zielinskacoaching.pl\/index.php\/wp-json\/wp\/v2\/pages\/108"}],"collection":[{"href":"https:\/\/zielinskacoaching.pl\/index.php\/wp-json\/wp\/v2\/pages"}],"about":[{"href":"https:\/\/zielinskacoaching.pl\/index.php\/wp-json\/wp\/v2\/types\/page"}],"author":[{"embeddable":true,"href":"https:\/\/zielinskacoaching.pl\/index.php\/wp-json\/wp\/v2\/users\/1"}],"replies":[{"embeddable":true,"href":"https:\/\/zielinskacoaching.pl\/index.php\/wp-json\/wp\/v2\/comments?post=108"}],"version-history":[{"count":8,"href":"https:\/\/zielinskacoaching.pl\/index.php\/wp-json\/wp\/v2\/pages\/108\/revisions"}],"predecessor-version":[{"id":621,"href":"https:\/\/zielinskacoaching.pl\/index.php\/wp-json\/wp\/v2\/pages\/108\/revisions\/621"}],"wp:attachment":[{"href":"https:\/\/zielinskacoaching.pl\/index.php\/wp-json\/wp\/v2\/media?parent=108"}],"curies":[{"name":"wp","href":"https:\/\/api.w.org\/{rel}","templated":true}]}}