{"id":153,"date":"2022-01-16T18:01:52","date_gmt":"2022-01-16T18:01:52","guid":{"rendered":"http:\/\/zielinq.cluster027.hosting.ovh.net\/mez0403@gmail.com\/?page_id=153"},"modified":"2024-02-01T10:31:28","modified_gmt":"2024-02-01T10:31:28","slug":"rozciaganie-oddech","status":"publish","type":"page","link":"https:\/\/zielinskacoaching.pl\/index.php\/rozciaganie-oddech\/","title":{"rendered":"Oddech i rozci\u0105ganie"},"content":{"rendered":"<p>Oddychasz?<\/p>\n<p>Cia\u0142o, oddech, sprzyjaj\u0105cy nam ruch i prawid\u0142owe rozci\u0105ganie to baza dla naszego dobrostanu i samopoczucia. \u015awiadomo\u015b\u0107 cia\u0142a i oddechu to pe\u0142niejsza \u015bwiadomo\u015b\u0107 siebie.<\/p>\n","protected":false},"excerpt":{"rendered":"<p>Oddychasz? Cia\u0142o, oddech, sprzyjaj\u0105cy nam ruch i prawid\u0142owe rozci\u0105ganie to baza dla naszego dobrostanu i samopoczucia. \u015awiadomo\u015b\u0107 cia\u0142a i oddechu to pe\u0142niejsza \u015bwiadomo\u015b\u0107 siebie.<\/p>\n","protected":false},"author":1,"featured_media":0,"parent":0,"menu_order":0,"comment_status":"closed","ping_status":"closed","template":"","meta":{"footnotes":""},"_links":{"self":[{"href":"https:\/\/zielinskacoaching.pl\/index.php\/wp-json\/wp\/v2\/pages\/153"}],"collection":[{"href":"https:\/\/zielinskacoaching.pl\/index.php\/wp-json\/wp\/v2\/pages"}],"about":[{"href":"https:\/\/zielinskacoaching.pl\/index.php\/wp-json\/wp\/v2\/types\/page"}],"author":[{"embeddable":true,"href":"https:\/\/zielinskacoaching.pl\/index.php\/wp-json\/wp\/v2\/users\/1"}],"replies":[{"embeddable":true,"href":"https:\/\/zielinskacoaching.pl\/index.php\/wp-json\/wp\/v2\/comments?post=153"}],"version-history":[{"count":7,"href":"https:\/\/zielinskacoaching.pl\/index.php\/wp-json\/wp\/v2\/pages\/153\/revisions"}],"predecessor-version":[{"id":626,"href":"https:\/\/zielinskacoaching.pl\/index.php\/wp-json\/wp\/v2\/pages\/153\/revisions\/626"}],"wp:attachment":[{"href":"https:\/\/zielinskacoaching.pl\/index.php\/wp-json\/wp\/v2\/media?parent=153"}],"curies":[{"name":"wp","href":"https:\/\/api.w.org\/{rel}","templated":true}]}}