{"id":563,"date":"2023-12-07T13:09:58","date_gmt":"2023-12-07T13:09:58","guid":{"rendered":"https:\/\/zielinskacoaching.pl\/?page_id=563"},"modified":"2023-12-07T13:09:58","modified_gmt":"2023-12-07T13:09:58","slug":"dlaczego-jestem-psychologiem-terapeuta-i-coachem","status":"publish","type":"page","link":"https:\/\/zielinskacoaching.pl\/index.php\/dlaczego-jestem-psychologiem-terapeuta-i-coachem\/","title":{"rendered":"Dlaczego jestem psychologiem, terapeut\u0105 i coachem"},"content":{"rendered":"<p>Jestem psychologiem, bo od zawsze fascynowa\u0142 mnie cz\u0142owiek, jego wn\u0119trze, rozw\u00f3j, funkcjonowanie. Jestem terapeutk\u0105 i coachem, bo wierz\u0119 w\u00a0<strong>zmian\u0119<\/strong>\u00a0\u2013 zmian\u0119, kt\u00f3ra daje\u00a0<strong>now\u0105 jako\u015b\u0107 \u017cycia<\/strong>. Czasem wystarczy \u017cyczliwa obecno\u015b\u0107 terapeuty, g\u0142\u0119bokie s\u0142uchanie i szczere, p\u0142yn\u0105ce z serca towarzyszenie drugiemu cz\u0142owiekowi, by zasz\u0142a zmiana, maj\u0105ca wp\u0142yw na ca\u0142e \u017cycie.<br \/>\nJestem terapeutk\u0105 i coachem, bo chc\u0119 dawa\u0107 Ci przestrze\u0144, gdzie jest miejsce na wszystko i gdzie mo\u017cna si\u0119 odpr\u0119\u017cy\u0107 i przesta\u0107 walczy\u0107.<br \/>\nWierz\u0119, \u017ce g\u0142\u0119boka przemiana zachodzi bez przemocy, nacisk\u00f3w i\u00a0 wysi\u0142ku \u2013 potrzebujemy za to\u00a0<strong>akceptacji, empatii i zrozumienia<\/strong>. Jestem \u017cyczliwym \u015bwiadkiem, osob\u0105 towarzysz\u0105c\u0105 Ci na drodze ku zmianie, lustrem, w kt\u00f3rym mog\u0105 si\u0119 przejrze\u0107. Jednocze\u015bnie dbam o Twoje\u00a0<strong>cele, o rozw\u00f3j i stawianie kolejnych krok\u00f3w<\/strong>\u00a0\u2013 dlatego s\u0105 wyzwania, przywo\u0142ywanie zamierze\u0144 i cel\u00f3w. S\u0105 pytania skupiaj\u0105ce Twoj\u0105 uwag\u0119 na tym, czego chcesz i jak zamierzasz d\u0105\u017cy\u0107 do zmian. S\u0105 te\u017c r\u00f3\u017cne zadania i praktyki, maj\u0105ce na celu obserwacj\u0119 siebie, wprowadzanie zmian, tworzenie okazji do nowych do\u015bwiadcze\u0144.<br \/>\nJestem terapeutk\u0105 i coachem, bo wierz\u0119, \u017ce tu i teraz mo\u017cemy dotrze\u0107 do swoich zasob\u00f3w i skutecznie z nich skorzysta\u0107 od zaraz \u2013 a to oznacza znacz\u0105c\u0105\u00a0<strong>popraw\u0119 jako\u015bci \u017cycia i naszego dobrostanu.<\/strong>\u00a0A kiedy nam dzieje si\u0119 lepiej i \u017cyjemy pe\u0142niej, \u015bwiadomiej to przyczyniamy si\u0119 do dobra dla naszych bliskich i dla os\u00f3b wok\u00f3\u0142 nas. Krok po kroku wszystko si\u0119 zmienia. Chc\u0119 by\u0107 cz\u0119\u015bci\u0105 zmiany w tym \u015bwiecie. Po prostu.<\/p>\n","protected":false},"excerpt":{"rendered":"<p>Jestem psychologiem, bo od zawsze fascynowa\u0142 mnie cz\u0142owiek, jego wn\u0119trze, rozw\u00f3j, funkcjonowanie. Jestem terapeutk\u0105 i coachem, bo wierz\u0119 w\u00a0zmian\u0119\u00a0\u2013 zmian\u0119, kt\u00f3ra daje\u00a0now\u0105 jako\u015b\u0107 \u017cycia. Czasem wystarczy \u017cyczliwa obecno\u015b\u0107 terapeuty, g\u0142\u0119bokie s\u0142uchanie i szczere, p\u0142yn\u0105ce z serca towarzyszenie drugiemu cz\u0142owiekowi, by zasz\u0142a zmiana, maj\u0105ca wp\u0142yw na ca\u0142e \u017cycie. Jestem terapeutk\u0105 i coachem, bo chc\u0119 dawa\u0107 Ci &hellip; <\/p>\n<p class=\"link-more\"><a href=\"https:\/\/zielinskacoaching.pl\/index.php\/dlaczego-jestem-psychologiem-terapeuta-i-coachem\/\" class=\"more-link\">Czytaj dalej<span class=\"screen-reader-text\"> \u201eDlaczego jestem psychologiem, terapeut\u0105 i coachem\u201d<\/span><\/a><\/p>\n","protected":false},"author":1,"featured_media":0,"parent":0,"menu_order":0,"comment_status":"closed","ping_status":"closed","template":"","meta":{"footnotes":""},"_links":{"self":[{"href":"https:\/\/zielinskacoaching.pl\/index.php\/wp-json\/wp\/v2\/pages\/563"}],"collection":[{"href":"https:\/\/zielinskacoaching.pl\/index.php\/wp-json\/wp\/v2\/pages"}],"about":[{"href":"https:\/\/zielinskacoaching.pl\/index.php\/wp-json\/wp\/v2\/types\/page"}],"author":[{"embeddable":true,"href":"https:\/\/zielinskacoaching.pl\/index.php\/wp-json\/wp\/v2\/users\/1"}],"replies":[{"embeddable":true,"href":"https:\/\/zielinskacoaching.pl\/index.php\/wp-json\/wp\/v2\/comments?post=563"}],"version-history":[{"count":1,"href":"https:\/\/zielinskacoaching.pl\/index.php\/wp-json\/wp\/v2\/pages\/563\/revisions"}],"predecessor-version":[{"id":564,"href":"https:\/\/zielinskacoaching.pl\/index.php\/wp-json\/wp\/v2\/pages\/563\/revisions\/564"}],"wp:attachment":[{"href":"https:\/\/zielinskacoaching.pl\/index.php\/wp-json\/wp\/v2\/media?parent=563"}],"curies":[{"name":"wp","href":"https:\/\/api.w.org\/{rel}","templated":true}]}}