{"id":567,"date":"2023-12-11T16:37:30","date_gmt":"2023-12-11T16:37:30","guid":{"rendered":"https:\/\/zielinskacoaching.pl\/?page_id=567"},"modified":"2023-12-11T16:37:30","modified_gmt":"2023-12-11T16:37:30","slug":"czym-sie-kieruje-w-pracy","status":"publish","type":"page","link":"https:\/\/zielinskacoaching.pl\/index.php\/czym-sie-kieruje-w-pracy\/","title":{"rendered":"Czym si\u0119 kieruj\u0119 w pracy"},"content":{"rendered":"<p><strong>Czym si\u0119 kieruj\u0119 w pracy\u00a0<\/strong><br \/>\n<strong>Etyk\u0105<\/strong>\u00a0zawodow\u0105, poufno\u015bci\u0105 i szacunkiem do Ciebie.<br \/>\n<strong>Wiar\u0105 w Twoje zasoby<\/strong>\u00a0i mo\u017cliwo\u015bci, takie jakie one s\u0105 w danej chwili i takie, jakie mog\u0105 si\u0119 ujawni\u0107 podczas coachingu.<br \/>\n<strong>Zaufaniem<\/strong>\u00a0do Ciebie i\u00a0 do wszystkiego, co si\u0119 podczas sesji wydarza.<br \/>\n<strong>Przekonaniem<\/strong>, \u017ce to Ty masz w sobie odpowiedzi na nurtuj\u0105ce Ci\u0119 pytania i zasoby, by dzia\u0142a\u0107 najlepiej jak mo\u017cesz, a moj\u0105 rol\u0105 jest pod\u0105\u017ca\u0107 za Tob\u0105 i Ci\u0119 w tym wspiera\u0107.<br \/>\n<strong>Intuicj\u0105,<\/strong>\u00a0kt\u00f3ra prowadzi do tego, co jest w danym momencie najbardziej korzystne dla Ciebie\u00a0i Twojego procesu \u2013 to pozwala zada\u0107 mocne pytanie, postawi\u0107 wyzwanie, s\u0142u\u017cy\u0107 jako katalizator.<br \/>\n<strong>Ciekawo\u015bci\u0105 i otwarto\u015bci\u0105<\/strong>, kt\u00f3re umo\u017cliwiaj\u0105 mi towarzyszenie Ci bez kierowania Tob\u0105.<\/p>\n","protected":false},"excerpt":{"rendered":"<p>Czym si\u0119 kieruj\u0119 w pracy\u00a0 Etyk\u0105\u00a0zawodow\u0105, poufno\u015bci\u0105 i szacunkiem do Ciebie. Wiar\u0105 w Twoje zasoby\u00a0i mo\u017cliwo\u015bci, takie jakie one s\u0105 w danej chwili i takie, jakie mog\u0105 si\u0119 ujawni\u0107 podczas coachingu. Zaufaniem\u00a0do Ciebie i\u00a0 do wszystkiego, co si\u0119 podczas sesji wydarza. Przekonaniem, \u017ce to Ty masz w sobie odpowiedzi na nurtuj\u0105ce Ci\u0119 pytania i zasoby, &hellip; <\/p>\n<p class=\"link-more\"><a href=\"https:\/\/zielinskacoaching.pl\/index.php\/czym-sie-kieruje-w-pracy\/\" class=\"more-link\">Czytaj dalej<span class=\"screen-reader-text\"> \u201eCzym si\u0119 kieruj\u0119 w pracy\u201d<\/span><\/a><\/p>\n","protected":false},"author":1,"featured_media":0,"parent":0,"menu_order":0,"comment_status":"closed","ping_status":"closed","template":"","meta":{"footnotes":""},"_links":{"self":[{"href":"https:\/\/zielinskacoaching.pl\/index.php\/wp-json\/wp\/v2\/pages\/567"}],"collection":[{"href":"https:\/\/zielinskacoaching.pl\/index.php\/wp-json\/wp\/v2\/pages"}],"about":[{"href":"https:\/\/zielinskacoaching.pl\/index.php\/wp-json\/wp\/v2\/types\/page"}],"author":[{"embeddable":true,"href":"https:\/\/zielinskacoaching.pl\/index.php\/wp-json\/wp\/v2\/users\/1"}],"replies":[{"embeddable":true,"href":"https:\/\/zielinskacoaching.pl\/index.php\/wp-json\/wp\/v2\/comments?post=567"}],"version-history":[{"count":1,"href":"https:\/\/zielinskacoaching.pl\/index.php\/wp-json\/wp\/v2\/pages\/567\/revisions"}],"predecessor-version":[{"id":568,"href":"https:\/\/zielinskacoaching.pl\/index.php\/wp-json\/wp\/v2\/pages\/567\/revisions\/568"}],"wp:attachment":[{"href":"https:\/\/zielinskacoaching.pl\/index.php\/wp-json\/wp\/v2\/media?parent=567"}],"curies":[{"name":"wp","href":"https:\/\/api.w.org\/{rel}","templated":true}]}}