{"id":57,"date":"2022-01-14T20:48:16","date_gmt":"2022-01-14T20:48:16","guid":{"rendered":"http:\/\/zielinq.cluster027.hosting.ovh.net\/mez0403@gmail.com\/?page_id=57"},"modified":"2024-01-25T11:39:43","modified_gmt":"2024-01-25T11:39:43","slug":"strona-glowna","status":"publish","type":"page","link":"https:\/\/zielinskacoaching.pl\/","title":{"rendered":"WITAJ  &#8211;   Strona g\u0142\u00f3wna"},"content":{"rendered":"\r\n<p><strong>Mi\u0142o Ci\u0119 widzie\u0107!<\/strong>\u00a0 \u00a0Witaj na mojej stronie.<\/p>\r\n<p>Znajdziesz tu wiele mo\u017cliwo\u015bci pracy nad sob\u0105 w obszarze psychologii, terapii <strong>Gestalt<\/strong>,\u00a0 coachingu i pracy z cia\u0142em\/oddechem &#8211; skorzystaj z mojego <strong>15<\/strong>-letniego do\u015bwiadczenia.\u00a0 Mo\u017cesz tak\u017ce wsp\u00f3\u0142pracowa\u0107 ze mn\u0105 w zakresie szkole\u0144 i warsztat\u00f3w dla firm &#8211; poprowadz\u0119 je z energi\u0105 i zaanga\u017cowaniem, dziel\u0105c si\u0119 wiedz\u0105 i do\u015bwiadczeniem.\u00a0<\/p>\r\n\r\n\r\n","protected":false},"excerpt":{"rendered":"<p>Mi\u0142o Ci\u0119 widzie\u0107!\u00a0 \u00a0Witaj na mojej stronie. Znajdziesz tu wiele mo\u017cliwo\u015bci pracy nad sob\u0105 w obszarze psychologii, terapii Gestalt,\u00a0 coachingu i pracy z cia\u0142em\/oddechem &#8211; skorzystaj z mojego 15-letniego do\u015bwiadczenia.\u00a0 Mo\u017cesz tak\u017ce wsp\u00f3\u0142pracowa\u0107 ze mn\u0105 w zakresie szkole\u0144 i warsztat\u00f3w dla firm &#8211; poprowadz\u0119 je z energi\u0105 i zaanga\u017cowaniem, dziel\u0105c si\u0119 wiedz\u0105 i do\u015bwiadczeniem.\u00a0<\/p>\n","protected":false},"author":1,"featured_media":594,"parent":0,"menu_order":0,"comment_status":"closed","ping_status":"closed","template":"","meta":{"footnotes":""},"_links":{"self":[{"href":"https:\/\/zielinskacoaching.pl\/index.php\/wp-json\/wp\/v2\/pages\/57"}],"collection":[{"href":"https:\/\/zielinskacoaching.pl\/index.php\/wp-json\/wp\/v2\/pages"}],"about":[{"href":"https:\/\/zielinskacoaching.pl\/index.php\/wp-json\/wp\/v2\/types\/page"}],"author":[{"embeddable":true,"href":"https:\/\/zielinskacoaching.pl\/index.php\/wp-json\/wp\/v2\/users\/1"}],"replies":[{"embeddable":true,"href":"https:\/\/zielinskacoaching.pl\/index.php\/wp-json\/wp\/v2\/comments?post=57"}],"version-history":[{"count":27,"href":"https:\/\/zielinskacoaching.pl\/index.php\/wp-json\/wp\/v2\/pages\/57\/revisions"}],"predecessor-version":[{"id":607,"href":"https:\/\/zielinskacoaching.pl\/index.php\/wp-json\/wp\/v2\/pages\/57\/revisions\/607"}],"wp:featuredmedia":[{"embeddable":true,"href":"https:\/\/zielinskacoaching.pl\/index.php\/wp-json\/wp\/v2\/media\/594"}],"wp:attachment":[{"href":"https:\/\/zielinskacoaching.pl\/index.php\/wp-json\/wp\/v2\/media?parent=57"}],"curies":[{"name":"wp","href":"https:\/\/api.w.org\/{rel}","templated":true}]}}